{"id":11,"date":"2008-06-18T01:54:29","date_gmt":"2008-06-17T23:54:29","guid":{"rendered":"http:\/\/desmilitaritzem.blog.pangea.org\/?page_id=11"},"modified":"2026-04-30T19:06:08","modified_gmt":"2026-04-30T17:06:08","slug":"recursos","status":"publish","type":"page","link":"https:\/\/desmilitaritzem.blog.pangea.org\/ca\/recursos\/","title":{"rendered":"Recursos"},"content":{"rendered":"<p class=\"qtranxs-available-languages-message qtranxs-available-languages-message-ca\">Disculpa, per\u00f2 aquesta entrada est\u00e0 disponible nom\u00e9s en <a href=\"https:\/\/desmilitaritzem.blog.pangea.org\/es\/wp-json\/wp\/v2\/pages\/11\" class=\"qtranxs-available-language-link qtranxs-available-language-link-es\" title=\"Espa\u00f1ol\">Espa\u00f1ol<\/a>.<\/p>","protected":false},"excerpt":{"rendered":"<p>Disculpa, per\u00f2 aquesta entrada est\u00e0 disponible nom\u00e9s en Espa\u00f1ol.<\/p>\n","protected":false},"author":27,"featured_media":0,"parent":0,"menu_order":6,"comment_status":"closed","ping_status":"open","template":"","meta":{"neve_meta_sidebar":"","neve_meta_container":"","neve_meta_enable_content_width":"off","neve_meta_content_width":100,"neve_meta_title_alignment":"","neve_meta_author_avatar":"","neve_post_elements_order":"","neve_meta_disable_header":"","neve_meta_disable_footer":"","neve_meta_disable_title":"","jetpack_post_was_ever_published":false,"footnotes":""},"class_list":["post-11","page","type-page","status-publish","hentry"],"jetpack_sharing_enabled":true,"jetpack_shortlink":"https:\/\/wp.me\/P1W1mN-b","jetpack-related-posts":[],"_links":{"self":[{"href":"https:\/\/desmilitaritzem.blog.pangea.org\/ca\/wp-json\/wp\/v2\/pages\/11","targetHints":{"allow":["GET"]}}],"collection":[{"href":"https:\/\/desmilitaritzem.blog.pangea.org\/ca\/wp-json\/wp\/v2\/pages"}],"about":[{"href":"https:\/\/desmilitaritzem.blog.pangea.org\/ca\/wp-json\/wp\/v2\/types\/page"}],"author":[{"embeddable":true,"href":"https:\/\/desmilitaritzem.blog.pangea.org\/ca\/wp-json\/wp\/v2\/users\/27"}],"replies":[{"embeddable":true,"href":"https:\/\/desmilitaritzem.blog.pangea.org\/ca\/wp-json\/wp\/v2\/comments?post=11"}],"version-history":[{"count":20,"href":"https:\/\/desmilitaritzem.blog.pangea.org\/ca\/wp-json\/wp\/v2\/pages\/11\/revisions"}],"predecessor-version":[{"id":3704,"href":"https:\/\/desmilitaritzem.blog.pangea.org\/ca\/wp-json\/wp\/v2\/pages\/11\/revisions\/3704"}],"wp:attachment":[{"href":"https:\/\/desmilitaritzem.blog.pangea.org\/ca\/wp-json\/wp\/v2\/media?parent=11"}],"curies":[{"name":"wp","href":"https:\/\/api.w.org\/{rel}","templated":true}]}}